{"id":3534,"date":"2014-07-15T11:14:34","date_gmt":"2014-07-15T11:14:34","guid":{"rendered":"http:\/\/beta.estudio34.com\/posicionamiento-seo-2\/"},"modified":"2019-02-19T14:28:18","modified_gmt":"2019-02-19T12:28:18","slug":"international-seo","status":"publish","type":"page","link":"https:\/\/www.estudio34.com\/en\/international-seo\/","title":{"rendered":"SEO Spain &#038; Multilingual Strategies"},"content":{"rendered":"<img decoding=\"async\" src=\"https:\/\/www.estudio34.com\/wp-content\/uploads\/2011\/10\/cursillos_seo1.png\" alt=\"\" \/>\n<p>At eStudio34 we are expert in multilingual SEO and specialise in the Spanish speaking markets. With a multilingual team based in Barcelona we have over 5 year experience delivering international SEO strategies to both Bluechip companies and SMEs. We have ample experience helping businesses expand in to European countries such as ; Spain, Germany, France, Italy and Portugal.<\/p>\n<p><strong>Our Key USPs:<\/strong><br \/>\nOur team is our main strength since it is composed of senior online marketers with:<\/p>\n<ul>\n<li>5+ years experience in online marketing<\/li>\n<li>Bilingual capabilities (Spanish\/English)<\/li>\n<li>Thorough knowledge of the UK\/US\/Spanish search landscape<\/li>\n<li>Previous experience delivering strategies in the main Europen countries &amp; US<\/li>\n<\/ul>\n<p><strong>How we do it;<\/strong><br \/>\nThe approach we will take depends on far down you are with your international venture, in other words if you have already launched your site in the targeted territory\/language or if you haven\u2019t.<\/p>\n<h3>1. Country Competitor Analysis<\/h3>\n<p>Prior to entering a market, eStudio34s country experts can tell you all about your online competition providing you with:<\/p>\n<ul>\n<li>A SWOT analysis of your key local competitors<\/li>\n<li>The size of the demand for your products in the local digital space<\/li>\n<li>Roadmap for your international strategy<\/li>\n<li>Key competitor intelligence that can be used for keyword selection<\/li>\n<\/ul>\n<p>Analizaremos tu mercado para identificar qui\u00e9nes son tus competidores online y c\u00f3mo est\u00e1n posicionados digitalmente. Luego pasaremos a identificar qu\u00e9 palabras clave tienen m\u00e1s tr\u00e1fico en tu sector adem\u00e1s de su grado de competencia. Finalmente despu\u00e9s de analizar tu p\u00e1gina web y sus posibilidades te proporcionaremos una lista de posibles palabras clave para seleccionar, adem\u00e1s de una estrategia a seguir que acordaremos contigo.<\/p>\n<ul>\n<li>An\u00e1lisis de mercado y competencia.<\/li>\n<li>An\u00e1lisis de palabras clave.<\/li>\n<\/ul>\n<h3>2. <a href=\"https:\/\/www.estudio34.com\/en\/technical-site-audit\/\">SEO International Audit<\/a><\/h3>\n<p>When engaging in a multilingual strategy, different technical areas have to be considered to avoid poor indexation in local search engines. Because of this we conduct a thorough SEO international audit in which we review areas like:<\/p>\n<ul>\n<li>Domain use for international purposes<\/li>\n<li>Use of IP redirects<\/li>\n<li>Use of \u201csplash pages\u201d for country selections<\/li>\n<li>hreflang implementation<\/li>\n<li>Language site map implementation<\/li>\n<li>Potential duplicate content issues<\/li>\n<\/ul>\n<h3>3. Keyword Analysis<\/h3>\n<p>Translating keywords directly from the \u201cmother tongue\u201d campaign tends to dilute results and miss opportunities. Our strategies will offer a:<\/p>\n<ul>\n<li>Native speaking consultants with understanding of the target market<\/li>\n<li>The best local keyword for your business<\/li>\n<li>Key seasonality factors that may affect the campaign<\/li>\n<\/ul>\n<h3>4. Onpage Optimisation<\/h3>\n<ul>\n<li>Create metadata in local languages<\/li>\n<li>Optimise key landing pages<\/li>\n<\/ul>\n<h3>5. Local Link Building \/ Digital PR<\/h3>\n<ul>\n<li>Develop <a href=\"https:\/\/www.estudio34.com\/en\/international-linkbuilding\/\">outreach strategies <\/a>to build relationships with local bloggers<\/li>\n<li>Engage in online <a href=\"https:\/\/www.estudio34.com\/en\/content-marketing-link-baiting\/\">PR strategies<\/a> get published on local online publications<\/li>\n<\/ul>\n<h3>6. Centralised Reporting<\/h3>\n<p>We will coordinate all of your global campaigns under one roof and report in a centralised manor. This unified approach means strategies can be shared across countries while having a single point of contact at eStudio34 your account manager. This perhaps is the key factor for larger organisations with multinational presence were centralised communication is essential for successful campaigns.<\/p>\n<p>Sounds like this is what you need? Give us a call today on (+34) 93 393 91 34 and speak to one of our experts who will assess your requirements and recommend a strategy for your business.<\/p>\n<p>Don\u2019t have time to speak now? Fill in our contact form and we will give you a call at your earliest convenience<\/p>\n","protected":false},"excerpt":{"rendered":"<p>At eStudio34 we are expert in multilingual SEO and specialise in the Spanish speaking markets. With a multilingual team based in Barcelona we have over 5 year experience delivering international SEO strategies to both Bluechip companies and SMEs. We have ample experience helping businesses expand in to European countries such as ; Spain, Germany, France, [&hellip;]<\/p>\n","protected":false},"author":3,"featured_media":11306,"parent":0,"menu_order":0,"comment_status":"open","ping_status":"open","template":"","meta":{"_acf_changed":false,"content-type":"","footnotes":""},"class_list":["post-3534","page","type-page","status-publish","has-post-thumbnail","hentry"],"acf":[],"yoast_head":"<!-- This site is optimized with the Yoast SEO plugin v26.0 - https:\/\/yoast.com\/wordpress\/plugins\/seo\/ -->\n<title>International &amp; Multilingual SEO Agency in Spain - eStudio34 Barcelona<\/title>\n<meta name=\"description\" content=\"SEO Agency based in Barcelona with over 7 years experience in multilingual strategies: ES\/DE\/NE\/FR\/IT - speak to one of our experts today on (+34) 93 393 91 34\" \/>\n<meta name=\"robots\" content=\"index, follow, max-snippet:-1, max-image-preview:large, max-video-preview:-1\" \/>\n<link rel=\"canonical\" href=\"https:\/\/www.estudio34.com\/en\/international-seo\/\" \/>\n<meta property=\"og:locale\" content=\"en_US\" \/>\n<meta property=\"og:type\" content=\"article\" \/>\n<meta property=\"og:title\" content=\"International &amp; Multilingual SEO Agency in Spain - eStudio34 Barcelona\" \/>\n<meta property=\"og:description\" content=\"SEO Agency based in Barcelona with over 7 years experience in multilingual strategies: ES\/DE\/NE\/FR\/IT - speak to one of our experts today on (+34) 93 393 91 34\" \/>\n<meta property=\"og:url\" content=\"https:\/\/www.estudio34.com\/en\/international-seo\/\" \/>\n<meta property=\"og:site_name\" content=\"SEO and PPC Agency Estudio34\" \/>\n<meta property=\"article:modified_time\" content=\"2019-02-19T12:28:18+00:00\" \/>\n<meta property=\"og:image\" content=\"https:\/\/www.estudio34.com\/wp-content\/uploads\/2014\/07\/International-SEO-services-2X-e1550579085304.png\" \/>\n\t<meta property=\"og:image:width\" content=\"814\" \/>\n\t<meta property=\"og:image:height\" content=\"350\" \/>\n\t<meta property=\"og:image:type\" content=\"image\/png\" \/>\n<meta name=\"twitter:card\" content=\"summary_large_image\" \/>\n<meta name=\"twitter:site\" content=\"@estudio34\" \/>\n<meta name=\"twitter:label1\" content=\"Est. reading time\" \/>\n\t<meta name=\"twitter:data1\" content=\"3 minutes\" \/>\n<script type=\"application\/ld+json\" class=\"yoast-schema-graph\">{\"@context\":\"https:\/\/schema.org\",\"@graph\":[{\"@type\":\"WebPage\",\"@id\":\"https:\/\/www.estudio34.com\/en\/international-seo\/\",\"url\":\"https:\/\/www.estudio34.com\/en\/international-seo\/\",\"name\":\"International & Multilingual SEO Agency in Spain - eStudio34 Barcelona\",\"isPartOf\":{\"@id\":\"https:\/\/www.estudio34.com\/#website\"},\"primaryImageOfPage\":{\"@id\":\"https:\/\/www.estudio34.com\/en\/international-seo\/#primaryimage\"},\"image\":{\"@id\":\"https:\/\/www.estudio34.com\/en\/international-seo\/#primaryimage\"},\"thumbnailUrl\":\"https:\/\/www.estudio34.com\/wp-content\/uploads\/2014\/07\/International-SEO-services-2X-e1550579085304.png\",\"datePublished\":\"2014-07-15T11:14:34+00:00\",\"dateModified\":\"2019-02-19T12:28:18+00:00\",\"description\":\"SEO Agency based in Barcelona with over 7 years experience in multilingual strategies: ES\/DE\/NE\/FR\/IT - speak to one of our experts today on (+34) 93 393 91 34\",\"breadcrumb\":{\"@id\":\"https:\/\/www.estudio34.com\/en\/international-seo\/#breadcrumb\"},\"inLanguage\":\"en\",\"potentialAction\":[{\"@type\":\"ReadAction\",\"target\":[\"https:\/\/www.estudio34.com\/en\/international-seo\/\"]}]},{\"@type\":\"ImageObject\",\"inLanguage\":\"en\",\"@id\":\"https:\/\/www.estudio34.com\/en\/international-seo\/#primaryimage\",\"url\":\"https:\/\/www.estudio34.com\/wp-content\/uploads\/2014\/07\/International-SEO-services-2X-e1550579085304.png\",\"contentUrl\":\"https:\/\/www.estudio34.com\/wp-content\/uploads\/2014\/07\/International-SEO-services-2X-e1550579085304.png\",\"width\":814,\"height\":350,\"caption\":\"SEO services eStudio34\"},{\"@type\":\"BreadcrumbList\",\"@id\":\"https:\/\/www.estudio34.com\/en\/international-seo\/#breadcrumb\",\"itemListElement\":[{\"@type\":\"ListItem\",\"position\":1,\"name\":\"Home\",\"item\":\"https:\/\/www.estudio34.com\/en\/\"},{\"@type\":\"ListItem\",\"position\":2,\"name\":\"SEO Spain &#038; Multilingual Strategies\"}]},{\"@type\":\"WebSite\",\"@id\":\"https:\/\/www.estudio34.com\/#website\",\"url\":\"https:\/\/www.estudio34.com\/\",\"name\":\"SEO and PPC Agency Estudio34\",\"description\":\"\",\"publisher\":{\"@id\":\"https:\/\/www.estudio34.com\/#organization\"},\"potentialAction\":[{\"@type\":\"SearchAction\",\"target\":{\"@type\":\"EntryPoint\",\"urlTemplate\":\"https:\/\/www.estudio34.com\/?s={search_term_string}\"},\"query-input\":{\"@type\":\"PropertyValueSpecification\",\"valueRequired\":true,\"valueName\":\"search_term_string\"}}],\"inLanguage\":\"en\"},{\"@type\":\"Organization\",\"@id\":\"https:\/\/www.estudio34.com\/#organization\",\"name\":\"SEO and PPC Agency Estudio34\",\"url\":\"https:\/\/www.estudio34.com\/\",\"logo\":{\"@type\":\"ImageObject\",\"inLanguage\":\"en\",\"@id\":\"https:\/\/www.estudio34.com\/#\/schema\/logo\/image\/\",\"url\":\"https:\/\/www.estudio34.com\/wp-content\/uploads\/2023\/05\/Logo-Estudio34-X-GoodRebels.svg\",\"contentUrl\":\"https:\/\/www.estudio34.com\/wp-content\/uploads\/2023\/05\/Logo-Estudio34-X-GoodRebels.svg\",\"caption\":\"SEO and PPC Agency Estudio34\"},\"image\":{\"@id\":\"https:\/\/www.estudio34.com\/#\/schema\/logo\/image\/\"},\"sameAs\":[\"https:\/\/x.com\/estudio34\"]}]}<\/script>\n<!-- \/ Yoast SEO plugin. -->","yoast_head_json":{"title":"International & Multilingual SEO Agency in Spain - eStudio34 Barcelona","description":"SEO Agency based in Barcelona with over 7 years experience in multilingual strategies: ES\/DE\/NE\/FR\/IT - speak to one of our experts today on (+34) 93 393 91 34","robots":{"index":"index","follow":"follow","max-snippet":"max-snippet:-1","max-image-preview":"max-image-preview:large","max-video-preview":"max-video-preview:-1"},"canonical":"https:\/\/www.estudio34.com\/en\/international-seo\/","og_locale":"en_US","og_type":"article","og_title":"International & Multilingual SEO Agency in Spain - eStudio34 Barcelona","og_description":"SEO Agency based in Barcelona with over 7 years experience in multilingual strategies: ES\/DE\/NE\/FR\/IT - speak to one of our experts today on (+34) 93 393 91 34","og_url":"https:\/\/www.estudio34.com\/en\/international-seo\/","og_site_name":"SEO and PPC Agency Estudio34","article_modified_time":"2019-02-19T12:28:18+00:00","og_image":[{"width":814,"height":350,"url":"https:\/\/www.estudio34.com\/wp-content\/uploads\/2014\/07\/International-SEO-services-2X-e1550579085304.png","type":"image\/png"}],"twitter_card":"summary_large_image","twitter_site":"@estudio34","twitter_misc":{"Est. reading time":"3 minutes"},"schema":{"@context":"https:\/\/schema.org","@graph":[{"@type":"WebPage","@id":"https:\/\/www.estudio34.com\/en\/international-seo\/","url":"https:\/\/www.estudio34.com\/en\/international-seo\/","name":"International & Multilingual SEO Agency in Spain - eStudio34 Barcelona","isPartOf":{"@id":"https:\/\/www.estudio34.com\/#website"},"primaryImageOfPage":{"@id":"https:\/\/www.estudio34.com\/en\/international-seo\/#primaryimage"},"image":{"@id":"https:\/\/www.estudio34.com\/en\/international-seo\/#primaryimage"},"thumbnailUrl":"https:\/\/www.estudio34.com\/wp-content\/uploads\/2014\/07\/International-SEO-services-2X-e1550579085304.png","datePublished":"2014-07-15T11:14:34+00:00","dateModified":"2019-02-19T12:28:18+00:00","description":"SEO Agency based in Barcelona with over 7 years experience in multilingual strategies: ES\/DE\/NE\/FR\/IT - speak to one of our experts today on (+34) 93 393 91 34","breadcrumb":{"@id":"https:\/\/www.estudio34.com\/en\/international-seo\/#breadcrumb"},"inLanguage":"en","potentialAction":[{"@type":"ReadAction","target":["https:\/\/www.estudio34.com\/en\/international-seo\/"]}]},{"@type":"ImageObject","inLanguage":"en","@id":"https:\/\/www.estudio34.com\/en\/international-seo\/#primaryimage","url":"https:\/\/www.estudio34.com\/wp-content\/uploads\/2014\/07\/International-SEO-services-2X-e1550579085304.png","contentUrl":"https:\/\/www.estudio34.com\/wp-content\/uploads\/2014\/07\/International-SEO-services-2X-e1550579085304.png","width":814,"height":350,"caption":"SEO services eStudio34"},{"@type":"BreadcrumbList","@id":"https:\/\/www.estudio34.com\/en\/international-seo\/#breadcrumb","itemListElement":[{"@type":"ListItem","position":1,"name":"Home","item":"https:\/\/www.estudio34.com\/en\/"},{"@type":"ListItem","position":2,"name":"SEO Spain &#038; Multilingual Strategies"}]},{"@type":"WebSite","@id":"https:\/\/www.estudio34.com\/#website","url":"https:\/\/www.estudio34.com\/","name":"SEO and PPC Agency Estudio34","description":"","publisher":{"@id":"https:\/\/www.estudio34.com\/#organization"},"potentialAction":[{"@type":"SearchAction","target":{"@type":"EntryPoint","urlTemplate":"https:\/\/www.estudio34.com\/?s={search_term_string}"},"query-input":{"@type":"PropertyValueSpecification","valueRequired":true,"valueName":"search_term_string"}}],"inLanguage":"en"},{"@type":"Organization","@id":"https:\/\/www.estudio34.com\/#organization","name":"SEO and PPC Agency Estudio34","url":"https:\/\/www.estudio34.com\/","logo":{"@type":"ImageObject","inLanguage":"en","@id":"https:\/\/www.estudio34.com\/#\/schema\/logo\/image\/","url":"https:\/\/www.estudio34.com\/wp-content\/uploads\/2023\/05\/Logo-Estudio34-X-GoodRebels.svg","contentUrl":"https:\/\/www.estudio34.com\/wp-content\/uploads\/2023\/05\/Logo-Estudio34-X-GoodRebels.svg","caption":"SEO and PPC Agency Estudio34"},"image":{"@id":"https:\/\/www.estudio34.com\/#\/schema\/logo\/image\/"},"sameAs":["https:\/\/x.com\/estudio34"]}]}},"_links":{"self":[{"href":"https:\/\/www.estudio34.com\/en\/wp-json\/wp\/v2\/pages\/3534","targetHints":{"allow":["GET"]}}],"collection":[{"href":"https:\/\/www.estudio34.com\/en\/wp-json\/wp\/v2\/pages"}],"about":[{"href":"https:\/\/www.estudio34.com\/en\/wp-json\/wp\/v2\/types\/page"}],"author":[{"embeddable":true,"href":"https:\/\/www.estudio34.com\/en\/wp-json\/wp\/v2\/users\/3"}],"replies":[{"embeddable":true,"href":"https:\/\/www.estudio34.com\/en\/wp-json\/wp\/v2\/comments?post=3534"}],"version-history":[{"count":16,"href":"https:\/\/www.estudio34.com\/en\/wp-json\/wp\/v2\/pages\/3534\/revisions"}],"predecessor-version":[{"id":11309,"href":"https:\/\/www.estudio34.com\/en\/wp-json\/wp\/v2\/pages\/3534\/revisions\/11309"}],"wp:featuredmedia":[{"embeddable":true,"href":"https:\/\/www.estudio34.com\/en\/wp-json\/wp\/v2\/media\/11306"}],"wp:attachment":[{"href":"https:\/\/www.estudio34.com\/en\/wp-json\/wp\/v2\/media?parent=3534"}],"curies":[{"name":"wp","href":"https:\/\/api.w.org\/{rel}","templated":true}]}}